{"id":510,"date":"2021-12-11T13:10:51","date_gmt":"2021-12-11T13:10:51","guid":{"rendered":"https:\/\/bslthemes.site\/kinsley\/?page_id=510"},"modified":"2024-07-22T01:21:22","modified_gmt":"2024-07-21T23:21:22","slug":"restaurant","status":"publish","type":"page","link":"https:\/\/diammaresort.al\/sq\/restaurant\/","title":{"rendered":"Parea Restaurant"},"content":{"rendered":"<div data-elementor-type=\"wp-page\" data-elementor-id=\"510\" class=\"elementor elementor-510\">\n\t\t\t\t\t\t<section class=\"elementor-section elementor-top-section elementor-element elementor-element-be96af5 elementor-section-full_width elementor-section-height-default elementor-section-height-default\" data-id=\"be96af5\" data-element_type=\"section\" data-e-type=\"section\" data-settings=\"{&quot;background_background&quot;:&quot;classic&quot;}\">\n\t\t\t\t\t\t\t<div class=\"elementor-background-overlay\"><\/div>\n\t\t\t\t\t\t\t<div class=\"elementor-container elementor-column-gap-no\">\n\t\t\t\t\t<div class=\"elementor-column elementor-col-100 elementor-top-column elementor-element elementor-element-1083e7c\" data-id=\"1083e7c\" data-element_type=\"column\" data-e-type=\"column\">\n\t\t\t<div class=\"elementor-widget-wrap elementor-element-populated\">\n\t\t\t\t\t\t<div class=\"elementor-element elementor-element-dae86ee elementor-widget elementor-widget-kinsley-intro\" data-id=\"dae86ee\" data-element_type=\"widget\" data-e-type=\"widget\" data-widget_type=\"kinsley-intro.default\">\n\t\t\t\t<div class=\"elementor-widget-container\">\n\t\t\t\t\t\n    <!-- banner -->\n    <section class=\"knsl-banner-simple knsl-transition-bottom knsl-banner-white\">\n      \n      <div class=\"container\">\n        <div class=\"row\">\n          <div class=\"col-lg-12\">\n\n            <div class=\"knsl-center knsl-title-frame\">\n                            <h1 class=\"knsl-title--h knsl-mb-20 knsl-h1-inner\">\n                <span >\n                    Mir\u00ebsevini n\u00eb Restorantin ton\u00eb                <\/span>\n              <\/h1>\n                            \n              \n            <\/div>\n\n          <\/div>\n        <\/div>\n      <\/div>\n    <\/section>\n    <!-- banner end -->\n\n\t\t\t\t\t\t<\/div>\n\t\t\t\t<\/div>\n\t\t\t\t\t<\/div>\n\t\t<\/div>\n\t\t\t\t\t<\/div>\n\t\t<\/section>\n\t\t\t\t<section class=\"elementor-section elementor-top-section elementor-element elementor-element-d65d39a elementor-section-full_width elementor-section-height-default elementor-section-height-default\" data-id=\"d65d39a\" data-element_type=\"section\" data-e-type=\"section\">\n\t\t\t\t\t\t<div class=\"elementor-container elementor-column-gap-no\">\n\t\t\t\t\t<div class=\"elementor-column elementor-col-100 elementor-top-column elementor-element elementor-element-637d3e2\" data-id=\"637d3e2\" data-element_type=\"column\" data-e-type=\"column\">\n\t\t\t<div class=\"elementor-widget-wrap elementor-element-populated\">\n\t\t\t\t\t\t<div class=\"elementor-element elementor-element-18283db elementor-widget elementor-widget-kinsley-about\" data-id=\"18283db\" data-element_type=\"widget\" data-e-type=\"widget\" data-widget_type=\"kinsley-about.default\">\n\t\t\t\t<div class=\"elementor-widget-container\">\n\t\t\t\t\t\n\t\t<!-- about -->\n    <section class=\"knsl-p-0-100\">\n\n      <div class=\"container\">\n        <div class=\"knsl-about-card\">\n                      \t\t\t\t\t\t<div class=\"row no-gutters\">\t            <div class=\"col-lg-6\">\n\t              \t              <div class=\"knsl-about-photo\">\n\t                <img decoding=\"async\" src=\"https:\/\/diammaresort.al\/wp-content\/uploads\/2024\/07\/DSC00771-1920x1080.jpg\" alt=\"\" \/>\n\t              <\/div>\n\t              \t            <\/div>\n\t            <div class=\"col-lg-6 align-self-center\">\n\t              <div class=\"knsl-about-text\">\n\t                <div class=\"knsl-title-frame\">\n\t                  \t                  <h2 class=\"knsl-mb-20\">\n\t                  \t<span >\n\t\t\t\t\t\t        \t\tJu ftojm\u00eb t\u00eb vizitoni restorantin ton\u00eb\t\t\t\t\t\t        \t<\/span>\n\t                  <\/h2>\n\t                  \t                  \t\t\t              <div class=\"knsl-text knsl-mb-30\">\n\t\t\t\t                <div >\n\t\t\t\t\t\t\t\t        \t<p>Ju mir\u00ebpresim ngroht\u00ebsisht n\u00eb restorantin ton\u00eb t\u00eb shk\u00eblqyer n\u00eb Diamma Resort, ku ne p\u00ebrpiqemi t\u00eb ofrojm\u00eb nj\u00eb p\u00ebrvoj\u00eb t\u00eb pashembullt t\u00eb ngr\u00ebnies. Ofertat tona t\u00eb kuzhin\u00ebs jan\u00eb krijuar me kujdes nga kuzhinier\u00ebt tan\u00eb t\u00eb talentuar, t\u00eb cil\u00ebt p\u00ebrdorin vet\u00ebm p\u00ebrb\u00ebr\u00ebsit m\u00eb t\u00eb fresk\u00ebt dhe m\u00eb t\u00eb mir\u00eb p\u00ebr t\u00eb krijuar kryevepra t\u00eb kuzhin\u00ebs q\u00eb me siguri do t\u00eb k\u00ebnaqin shqisat tuaja.<\/p>\t\t\t\t\t\t\t\t        <\/div>\n\t\t\t\t\t\t\t      <\/div>\n\t\t\t          \t\t\t\t\t          \t\t\t                <\/div>\n\t              <\/div>\n\t            <\/div>\n\t            <\/div>\t            \t          \t        <\/div>\n\t      <\/div>\n\n\t    <\/section>\n\t    <!-- about end -->\n\n\t\t\t\t\t\t\t<\/div>\n\t\t\t\t<\/div>\n\t\t\t\t\t<\/div>\n\t\t<\/div>\n\t\t\t\t\t<\/div>\n\t\t<\/section>\n\t\t\t\t<section class=\"elementor-section elementor-top-section elementor-element elementor-element-6b73e10 elementor-section-full_width elementor-section-height-default elementor-section-height-default\" data-id=\"6b73e10\" data-element_type=\"section\" data-e-type=\"section\">\n\t\t\t\t\t\t<div class=\"elementor-container elementor-column-gap-no\">\n\t\t\t\t\t<div class=\"elementor-column elementor-col-100 elementor-top-column elementor-element elementor-element-ec3fd0d\" data-id=\"ec3fd0d\" data-element_type=\"column\" data-e-type=\"column\">\n\t\t\t<div class=\"elementor-widget-wrap elementor-element-populated\">\n\t\t\t\t\t\t<div class=\"elementor-element elementor-element-79e7ebf elementor-widget elementor-widget-kinsley-about-gallery\" data-id=\"79e7ebf\" data-element_type=\"widget\" data-e-type=\"widget\" data-widget_type=\"kinsley-about-gallery.default\">\n\t\t\t\t<div class=\"elementor-widget-container\">\n\t\t\t\t\t\n\t\t<!-- gallery -->\n\t  <section class=\"knsl-transition-bottom knsl-p-0-100\">\n    \t\n      <div class=\"container\">\n        <div class=\"row align-items-center\">\n                    <div class=\"col-lg-12\">\n\n            <div class=\"knsl-center knsl-title-frame knsl-scroll-animation knsl-mb-100\">\n                            <h2 class=\"knsl-title--h knsl-mb-20\">\n              \t<span >\n\t\t\t\t          \tFoto Galeria e Restorantit\t\t\t\t        <\/span>\n              <\/h2>\n                                          <div class=\"knsl-text knsl-mb-30\">\n              \t<p>\n              \t\t<span >\n\t\t\t\t          \t\tStafi yn\u00eb i p\u00ebrkushtuar dhe i v\u00ebmendsh\u00ebm \u00ebsht\u00eb i p\u00ebrkushtuar p\u00ebr t\u00eb ofruar sh\u00ebrbime t\u00eb p\u00ebrsosura, duke siguruar q\u00eb p\u00ebrvoja juaj e ngr\u00ebnies t\u00eb jet\u00eb e qet\u00eb nga fillimi n\u00eb fund. \t\t\t\t        \t<\/span>\n\t\t\t\t        <\/p>\n              <\/div>\n                                        <\/div>\n\n          <\/div>\n          \n                    <div class=\"col-lg-12\">\n\n            <!-- slider -->\n            <div class=\"swiper-container knsl-about-slider knsl-scroll-animation\">\n              <div class=\"swiper-wrapper\">\n                                <div class=\"swiper-slide\">\n\n                  <!-- gallery item -->\n                  <div class=\"knsl-image-frame\">\n                  \t                    \t\t\t\t\t<a data-elementor-lightbox-slideshow=\"about-gallery\" data-elementor-lightbox-title=\"\" href=\"https:\/\/diammaresort.al\/wp-content\/uploads\/2024\/07\/DSC00785-copy-1920x1080.jpg\">\n\t\t\t\t\t                      <img decoding=\"async\" src=\"https:\/\/diammaresort.al\/wp-content\/uploads\/2024\/07\/DSC00785-copy-950x535.jpg\" alt=\"\" \/>\n                                            <span class=\"knsl-zoom\"><i class=\"fas fa-search-plus\"><\/i><\/span>\n                    <\/a>\n                                      <\/div>\n                  <!-- gallery item end -->\n\n                <\/div>\n                                <div class=\"swiper-slide\">\n\n                  <!-- gallery item -->\n                  <div class=\"knsl-image-frame\">\n                  \t                    \t\t\t\t\t<a data-elementor-lightbox-slideshow=\"about-gallery\" data-elementor-lightbox-title=\"\" href=\"https:\/\/diammaresort.al\/wp-content\/uploads\/2024\/07\/DSC02841-copy-1920x1293.jpg\">\n\t\t\t\t\t                      <img decoding=\"async\" src=\"https:\/\/diammaresort.al\/wp-content\/uploads\/2024\/07\/DSC02841-copy-950x640.jpg\" alt=\"\" \/>\n                                            <span class=\"knsl-zoom\"><i class=\"fas fa-search-plus\"><\/i><\/span>\n                    <\/a>\n                                      <\/div>\n                  <!-- gallery item end -->\n\n                <\/div>\n                                <div class=\"swiper-slide\">\n\n                  <!-- gallery item -->\n                  <div class=\"knsl-image-frame\">\n                  \t                    \t\t\t\t\t<a data-elementor-lightbox-slideshow=\"about-gallery\" data-elementor-lightbox-title=\"\" href=\"https:\/\/diammaresort.al\/wp-content\/uploads\/2024\/07\/DSC00805-copy-1920x1080.jpg\">\n\t\t\t\t\t                      <img decoding=\"async\" src=\"https:\/\/diammaresort.al\/wp-content\/uploads\/2024\/07\/DSC00805-copy-950x535.jpg\" alt=\"\" \/>\n                                            <span class=\"knsl-zoom\"><i class=\"fas fa-search-plus\"><\/i><\/span>\n                    <\/a>\n                                      <\/div>\n                  <!-- gallery item end -->\n\n                <\/div>\n                                <div class=\"swiper-slide\">\n\n                  <!-- gallery item -->\n                  <div class=\"knsl-image-frame\">\n                  \t                    \t\t\t\t\t<a data-elementor-lightbox-slideshow=\"about-gallery\" data-elementor-lightbox-title=\"\" href=\"https:\/\/diammaresort.al\/wp-content\/uploads\/2023\/04\/427834157.jpg\">\n\t\t\t\t\t                      <img decoding=\"async\" src=\"https:\/\/diammaresort.al\/wp-content\/uploads\/2023\/04\/427834157-950x634.jpg\" alt=\"\" \/>\n                                            <span class=\"knsl-zoom\"><i class=\"fas fa-search-plus\"><\/i><\/span>\n                    <\/a>\n                                      <\/div>\n                  <!-- gallery item end -->\n\n                <\/div>\n                                <div class=\"swiper-slide\">\n\n                  <!-- gallery item -->\n                  <div class=\"knsl-image-frame\">\n                  \t                    \t\t\t\t\t<a data-elementor-lightbox-slideshow=\"about-gallery\" data-elementor-lightbox-title=\"Enter title\" href=\"https:\/\/diammaresort.al\/wp-content\/uploads\/2024\/07\/DSC00772-1920x1080.jpg\">\n\t\t\t\t\t                      <img decoding=\"async\" src=\"https:\/\/diammaresort.al\/wp-content\/uploads\/2024\/07\/DSC00772-950x535.jpg\" alt=\"Enter title\" \/>\n                                            <div class=\"knsl-badge\">\n                      \t<span >\n\t\t\t\t\t\t\tEnter title\t\t\t\t\t\t<\/span>\n                      <\/div>\n                                            <span class=\"knsl-zoom\"><i class=\"fas fa-search-plus\"><\/i><\/span>\n                    <\/a>\n                                      <\/div>\n                  <!-- gallery item end -->\n\n                <\/div>\n                                <div class=\"swiper-slide\">\n\n                  <!-- gallery item -->\n                  <div class=\"knsl-image-frame\">\n                  \t                    \t\t\t\t\t<a data-elementor-lightbox-slideshow=\"about-gallery\" data-elementor-lightbox-title=\"Enter title\" href=\"https:\/\/diammaresort.al\/wp-content\/uploads\/2024\/07\/DSC00803-copy-1920x1080.jpg\">\n\t\t\t\t\t                      <img decoding=\"async\" src=\"https:\/\/diammaresort.al\/wp-content\/uploads\/2024\/07\/DSC00803-copy-950x535.jpg\" alt=\"Enter title\" \/>\n                                            <div class=\"knsl-badge\">\n                      \t<span >\n\t\t\t\t\t\t\tEnter title\t\t\t\t\t\t<\/span>\n                      <\/div>\n                                            <span class=\"knsl-zoom\"><i class=\"fas fa-search-plus\"><\/i><\/span>\n                    <\/a>\n                                      <\/div>\n                  <!-- gallery item end -->\n\n                <\/div>\n                              <\/div>\n\n              <!-- slider navigation -->\n              <div class=\"knsl-slider-nav-panel\">\n                <!-- pagination -->\n                <div class=\"knsl-about-slider-1-pagination\"><\/div>\n                <!-- navigation -->\n                <div class=\"knsl-about-slider-nav\">\n                  <div class=\"knsl-about-slider-1-prev\"><i class=\"fas fa-arrow-left\"><\/i><\/div>\n                  <div class=\"knsl-about-slider-1-next\"><i class=\"fas fa-arrow-right\"><\/i><\/div>\n                <\/div>\n                <!-- navigation end -->\n              <\/div>\n              <!-- slider navigation end -->\n\n            <\/div>\n            <!-- slider end -->\n\n          <\/div>\n          \n        <\/div>\n      <\/div>\n\n    <\/section>\n    <!-- gallery end -->\n\n\t\t\t\t\t\t<\/div>\n\t\t\t\t<\/div>\n\t\t\t\t\t<\/div>\n\t\t<\/div>\n\t\t\t\t\t<\/div>\n\t\t<\/section>\n\t\t\t\t<section class=\"elementor-section elementor-top-section elementor-element elementor-element-b8051ce elementor-section-full_width elementor-section-height-default elementor-section-height-default\" data-id=\"b8051ce\" data-element_type=\"section\" data-e-type=\"section\" data-settings=\"{&quot;background_background&quot;:&quot;classic&quot;}\">\n\t\t\t\t\t\t<div class=\"elementor-container elementor-column-gap-no\">\n\t\t\t\t\t<div class=\"elementor-column elementor-col-100 elementor-top-column elementor-element elementor-element-63d7a87\" data-id=\"63d7a87\" data-element_type=\"column\" data-e-type=\"column\">\n\t\t\t<div class=\"elementor-widget-wrap elementor-element-populated\">\n\t\t\t\t\t\t<div class=\"elementor-element elementor-element-c15afe3 elementor-widget elementor-widget-kinsley-about-video\" data-id=\"c15afe3\" data-element_type=\"widget\" data-e-type=\"widget\" data-widget_type=\"kinsley-about-video.default\">\n\t\t\t\t<div class=\"elementor-widget-container\">\n\t\t\t\t\t\n\t\t<!-- video -->\n    <section class=\"knsl-p-0-100\">\n\n      <div class=\"container\">\n\n        <div class=\"knsl-about-card\">\n          <div class=\"row g-0\">\n            <div class=\"col-lg-6\">\n              <div class=\"knsl-about-text\">\n                <div class=\"knsl-title-frame\">\n\t\t\t\t\t\t\t\t\t                  <h2 class=\"knsl-title--h knsl-mb-20\">\n\t\t\t\t\t\t\t\t\t\t<span >\n\t\t\t\t\t\t\t\t\t\t\tNe nuk jemi thjesht t\u00eb shijsh\u00ebm. Ne Jemi Perfekt!\t\t\t\t\t\t\t\t\t\t<\/span>\n\t\t\t\t\t\t\t\t\t<\/h2>\n\t\t\t\t\t\t\t\t\t\t\t\t\t\t\t\t\t\t\t\t\t\t\t\t\t\t\t<div class=\"knsl-text knsl-mb-30\">\n\t\t\t\t\t\t\t\t\t\t<div >\n                      <p>Nd\u00ebrsa hyni n\u00eb restorantin ton\u00eb t\u00eb dizajnuar n\u00eb m\u00ebnyr\u00eb elegante, do t\u00eb mb\u00ebshtilleni nga nj\u00eb ambient i ngroht\u00eb dhe t\u00ebrheq\u00ebs, i kompletuar me ndri\u00e7im t\u00eb but\u00eb, ndenj\u00ebse t\u00eb rehatshme dhe dekor me shije. Pavar\u00ebsisht n\u00ebse po planifikoni nj\u00eb dark\u00eb intime p\u00ebr dy, nj\u00eb mbledhje festive me familjen dhe miqt\u00eb, ose nj\u00eb ngjarje t\u00eb ve\u00e7ant\u00eb, restoranti yn\u00eb ofron ambientin perfekt p\u00ebr nj\u00eb p\u00ebrvoj\u00eb t\u00eb paharrueshme ngr\u00ebnieje.<\/p>                    <\/div>\n\t\t\t\t\t\t\t\t\t<\/div>\n\t\t\t\t\t\t\t\t\t\t\t\t\t\t\t\t\t\t                <\/div>\n              <\/div>\n            <\/div>\n            <div class=\"col-lg-6\">\n              <div class=\"knsl-video-frame\">\n\t\t\t\t\t\t\t\t\t\t\t\t\t\t\t\t<img decoding=\"async\" src=\"https:\/\/diammaresort.al\/wp-content\/uploads\/2024\/07\/DSC02853-copy-1920x1080.jpg\" alt=\"We Are Not Just Delicious. We Are Perfect!\" \/>\n\t\t\t\t\t\t\t\t\t\t\t\t\t\t\t\t              <\/div>\n            <\/div>\n          <\/div>\n        <\/div>\n      <\/div>\n\n    <\/section>\n    <!-- video end -->\n\n\t\t\t\t\t\t<\/div>\n\t\t\t\t<\/div>\n\t\t\t\t\t<\/div>\n\t\t<\/div>\n\t\t\t\t\t<\/div>\n\t\t<\/section>\n\t\t\t\t<\/div>","protected":false},"excerpt":{"rendered":"<p>Welcome to our Restaurant We Invite You To Visit Our Restaurant We warmly welcome you to our exquisite restaurant at&#8230; <span class=\"knsl-el-more\"><a href=\"https:\/\/diammaresort.al\/sq\/restaurant\/\" class=\"knsl-btn\">Read more<span class=\"screen-reader-text\">Read more&nbsp;Parea Restaurant<\/span><\/a><\/span><\/p>","protected":false},"author":1,"featured_media":0,"parent":0,"menu_order":0,"comment_status":"closed","ping_status":"closed","template":"template-layout-builder.php","meta":{"footnotes":""},"class_list":["post-510","page","type-page","status-publish","hentry"],"acf":[],"yoast_head":"<!-- This site is optimized with the Yoast SEO plugin v27.3 - https:\/\/yoast.com\/product\/yoast-seo-wordpress\/ -->\n<title>Parea Restaurant - Diamma Resort Conference and SPA<\/title>\n<meta name=\"robots\" content=\"index, follow, max-snippet:-1, max-image-preview:large, max-video-preview:-1\" \/>\n<link rel=\"canonical\" href=\"https:\/\/diammaresort.al\/sq\/restaurant\/\" \/>\n<meta property=\"og:locale\" content=\"sq_AL\" \/>\n<meta property=\"og:type\" content=\"article\" \/>\n<meta property=\"og:title\" content=\"Parea Restaurant - Diamma Resort Conference and SPA\" \/>\n<meta property=\"og:description\" content=\"Welcome to our Restaurant We Invite You To Visit Our Restaurant We warmly welcome you to our exquisite restaurant at... Read moreRead more&nbsp;Parea Restaurant\" \/>\n<meta property=\"og:url\" content=\"https:\/\/diammaresort.al\/sq\/restaurant\/\" \/>\n<meta property=\"og:site_name\" content=\"Diamma Resort Conference and SPA\" \/>\n<meta property=\"article:modified_time\" content=\"2024-07-21T23:21:22+00:00\" \/>\n<meta property=\"og:image\" content=\"https:\/\/diammaresort.al\/wp-content\/uploads\/2024\/07\/DSC00771-1920x1080.jpg\" \/>\n<meta name=\"twitter:card\" content=\"summary_large_image\" \/>\n<meta name=\"twitter:label1\" content=\"Est. reading time\" \/>\n\t<meta name=\"twitter:data1\" content=\"1 minut\u00eb\" \/>\n<script type=\"application\/ld+json\" class=\"yoast-schema-graph\">{\"@context\":\"https:\\\/\\\/schema.org\",\"@graph\":[{\"@type\":\"WebPage\",\"@id\":\"https:\\\/\\\/diammaresort.al\\\/restaurant\\\/\",\"url\":\"https:\\\/\\\/diammaresort.al\\\/restaurant\\\/\",\"name\":\"Parea Restaurant - Diamma Resort Conference and SPA\",\"isPartOf\":{\"@id\":\"https:\\\/\\\/diammaresort.al\\\/#website\"},\"primaryImageOfPage\":{\"@id\":\"https:\\\/\\\/diammaresort.al\\\/restaurant\\\/#primaryimage\"},\"image\":{\"@id\":\"https:\\\/\\\/diammaresort.al\\\/restaurant\\\/#primaryimage\"},\"thumbnailUrl\":\"https:\\\/\\\/diammaresort.al\\\/wp-content\\\/uploads\\\/2024\\\/07\\\/DSC00771-1920x1080.jpg\",\"datePublished\":\"2021-12-11T13:10:51+00:00\",\"dateModified\":\"2024-07-21T23:21:22+00:00\",\"breadcrumb\":{\"@id\":\"https:\\\/\\\/diammaresort.al\\\/restaurant\\\/#breadcrumb\"},\"inLanguage\":\"sq\",\"potentialAction\":[{\"@type\":\"ReadAction\",\"target\":[\"https:\\\/\\\/diammaresort.al\\\/restaurant\\\/\"]}]},{\"@type\":\"ImageObject\",\"inLanguage\":\"sq\",\"@id\":\"https:\\\/\\\/diammaresort.al\\\/restaurant\\\/#primaryimage\",\"url\":\"https:\\\/\\\/diammaresort.al\\\/wp-content\\\/uploads\\\/2024\\\/07\\\/DSC00771-1920x1080.jpg\",\"contentUrl\":\"https:\\\/\\\/diammaresort.al\\\/wp-content\\\/uploads\\\/2024\\\/07\\\/DSC00771-1920x1080.jpg\"},{\"@type\":\"BreadcrumbList\",\"@id\":\"https:\\\/\\\/diammaresort.al\\\/restaurant\\\/#breadcrumb\",\"itemListElement\":[{\"@type\":\"ListItem\",\"position\":1,\"name\":\"Home\",\"item\":\"https:\\\/\\\/diammaresort.al\\\/\"},{\"@type\":\"ListItem\",\"position\":2,\"name\":\"Parea Restaurant\"}]},{\"@type\":\"WebSite\",\"@id\":\"https:\\\/\\\/diammaresort.al\\\/#website\",\"url\":\"https:\\\/\\\/diammaresort.al\\\/\",\"name\":\"Diamma Resort Conference and SPA\",\"description\":\"5 Star Hotel in Albania\",\"publisher\":{\"@id\":\"https:\\\/\\\/diammaresort.al\\\/#organization\"},\"potentialAction\":[{\"@type\":\"SearchAction\",\"target\":{\"@type\":\"EntryPoint\",\"urlTemplate\":\"https:\\\/\\\/diammaresort.al\\\/?s={search_term_string}\"},\"query-input\":{\"@type\":\"PropertyValueSpecification\",\"valueRequired\":true,\"valueName\":\"search_term_string\"}}],\"inLanguage\":\"sq\"},{\"@type\":\"Organization\",\"@id\":\"https:\\\/\\\/diammaresort.al\\\/#organization\",\"name\":\"Diamma Resort Conference and SPA\",\"url\":\"https:\\\/\\\/diammaresort.al\\\/\",\"logo\":{\"@type\":\"ImageObject\",\"inLanguage\":\"sq\",\"@id\":\"https:\\\/\\\/diammaresort.al\\\/#\\\/schema\\\/logo\\\/image\\\/\",\"url\":\"https:\\\/\\\/diammaresort.al\\\/wp-content\\\/uploads\\\/2023\\\/04\\\/Gold-Diamma-.png\",\"contentUrl\":\"https:\\\/\\\/diammaresort.al\\\/wp-content\\\/uploads\\\/2023\\\/04\\\/Gold-Diamma-.png\",\"width\":1113,\"height\":454,\"caption\":\"Diamma Resort Conference and SPA\"},\"image\":{\"@id\":\"https:\\\/\\\/diammaresort.al\\\/#\\\/schema\\\/logo\\\/image\\\/\"},\"sameAs\":[\"https:\\\/\\\/www.instagram.com\\\/diammaresort\\\/\"]}]}<\/script>\n<!-- \/ Yoast SEO plugin. -->","yoast_head_json":{"title":"Parea Restaurant - Diamma Resort Conference and SPA","robots":{"index":"index","follow":"follow","max-snippet":"max-snippet:-1","max-image-preview":"max-image-preview:large","max-video-preview":"max-video-preview:-1"},"canonical":"https:\/\/diammaresort.al\/sq\/restaurant\/","og_locale":"sq_AL","og_type":"article","og_title":"Parea Restaurant - Diamma Resort Conference and SPA","og_description":"Welcome to our Restaurant We Invite You To Visit Our Restaurant We warmly welcome you to our exquisite restaurant at... Read moreRead more&nbsp;Parea Restaurant","og_url":"https:\/\/diammaresort.al\/sq\/restaurant\/","og_site_name":"Diamma Resort Conference and SPA","article_modified_time":"2024-07-21T23:21:22+00:00","og_image":[{"url":"https:\/\/diammaresort.al\/wp-content\/uploads\/2024\/07\/DSC00771-1920x1080.jpg","type":"","width":"","height":""}],"twitter_card":"summary_large_image","twitter_misc":{"Est. reading time":"1 minut\u00eb"},"schema":{"@context":"https:\/\/schema.org","@graph":[{"@type":"WebPage","@id":"https:\/\/diammaresort.al\/restaurant\/","url":"https:\/\/diammaresort.al\/restaurant\/","name":"Parea Restaurant - Diamma Resort Conference and SPA","isPartOf":{"@id":"https:\/\/diammaresort.al\/#website"},"primaryImageOfPage":{"@id":"https:\/\/diammaresort.al\/restaurant\/#primaryimage"},"image":{"@id":"https:\/\/diammaresort.al\/restaurant\/#primaryimage"},"thumbnailUrl":"https:\/\/diammaresort.al\/wp-content\/uploads\/2024\/07\/DSC00771-1920x1080.jpg","datePublished":"2021-12-11T13:10:51+00:00","dateModified":"2024-07-21T23:21:22+00:00","breadcrumb":{"@id":"https:\/\/diammaresort.al\/restaurant\/#breadcrumb"},"inLanguage":"sq","potentialAction":[{"@type":"ReadAction","target":["https:\/\/diammaresort.al\/restaurant\/"]}]},{"@type":"ImageObject","inLanguage":"sq","@id":"https:\/\/diammaresort.al\/restaurant\/#primaryimage","url":"https:\/\/diammaresort.al\/wp-content\/uploads\/2024\/07\/DSC00771-1920x1080.jpg","contentUrl":"https:\/\/diammaresort.al\/wp-content\/uploads\/2024\/07\/DSC00771-1920x1080.jpg"},{"@type":"BreadcrumbList","@id":"https:\/\/diammaresort.al\/restaurant\/#breadcrumb","itemListElement":[{"@type":"ListItem","position":1,"name":"Home","item":"https:\/\/diammaresort.al\/"},{"@type":"ListItem","position":2,"name":"Parea Restaurant"}]},{"@type":"WebSite","@id":"https:\/\/diammaresort.al\/#website","url":"https:\/\/diammaresort.al\/","name":"Diamma Resort Conference and SPA","description":"5 Star Hotel in Albania","publisher":{"@id":"https:\/\/diammaresort.al\/#organization"},"potentialAction":[{"@type":"SearchAction","target":{"@type":"EntryPoint","urlTemplate":"https:\/\/diammaresort.al\/?s={search_term_string}"},"query-input":{"@type":"PropertyValueSpecification","valueRequired":true,"valueName":"search_term_string"}}],"inLanguage":"sq"},{"@type":"Organization","@id":"https:\/\/diammaresort.al\/#organization","name":"Diamma Resort Conference and SPA","url":"https:\/\/diammaresort.al\/","logo":{"@type":"ImageObject","inLanguage":"sq","@id":"https:\/\/diammaresort.al\/#\/schema\/logo\/image\/","url":"https:\/\/diammaresort.al\/wp-content\/uploads\/2023\/04\/Gold-Diamma-.png","contentUrl":"https:\/\/diammaresort.al\/wp-content\/uploads\/2023\/04\/Gold-Diamma-.png","width":1113,"height":454,"caption":"Diamma Resort Conference and SPA"},"image":{"@id":"https:\/\/diammaresort.al\/#\/schema\/logo\/image\/"},"sameAs":["https:\/\/www.instagram.com\/diammaresort\/"]}]}},"_links":{"self":[{"href":"https:\/\/diammaresort.al\/sq\/wp-json\/wp\/v2\/pages\/510","targetHints":{"allow":["GET"]}}],"collection":[{"href":"https:\/\/diammaresort.al\/sq\/wp-json\/wp\/v2\/pages"}],"about":[{"href":"https:\/\/diammaresort.al\/sq\/wp-json\/wp\/v2\/types\/page"}],"author":[{"embeddable":true,"href":"https:\/\/diammaresort.al\/sq\/wp-json\/wp\/v2\/users\/1"}],"replies":[{"embeddable":true,"href":"https:\/\/diammaresort.al\/sq\/wp-json\/wp\/v2\/comments?post=510"}],"version-history":[{"count":28,"href":"https:\/\/diammaresort.al\/sq\/wp-json\/wp\/v2\/pages\/510\/revisions"}],"predecessor-version":[{"id":4691,"href":"https:\/\/diammaresort.al\/sq\/wp-json\/wp\/v2\/pages\/510\/revisions\/4691"}],"wp:attachment":[{"href":"https:\/\/diammaresort.al\/sq\/wp-json\/wp\/v2\/media?parent=510"}],"curies":[{"name":"wp","href":"https:\/\/api.w.org\/{rel}","templated":true}]}}